{"id":4882,"date":"2023-02-07T16:52:39","date_gmt":"2023-02-07T16:52:39","guid":{"rendered":"https:\/\/www.clarencehouse.cat\/avis-legal\/"},"modified":"2024-02-02T15:07:36","modified_gmt":"2024-02-02T15:07:36","slug":"avis-legal","status":"publish","type":"page","link":"https:\/\/www.clarencehouse.cat\/ca\/avis-legal\/","title":{"rendered":"Av\u00eds Legal"},"content":{"rendered":"\t\t<div data-elementor-type=\"wp-page\" data-elementor-id=\"4882\" class=\"elementor elementor-4882 elementor-500\" data-elementor-post-type=\"page\">\n\t\t\t\t\t\t<section class=\"elementor-section elementor-top-section elementor-element elementor-element-a61ae96 elementor-section-boxed elementor-section-height-default elementor-section-height-default\" data-id=\"a61ae96\" data-element_type=\"section\">\n\t\t\t\t\t\t<div class=\"elementor-container elementor-column-gap-default\">\n\t\t\t\t\t<div class=\"elementor-column elementor-col-100 elementor-top-column elementor-element elementor-element-ff5a2ca\" data-id=\"ff5a2ca\" data-element_type=\"column\">\n\t\t\t<div class=\"elementor-widget-wrap elementor-element-populated\">\n\t\t\t\t\t\t<div class=\"elementor-element elementor-element-143d8ce elementor-widget elementor-widget-heading\" data-id=\"143d8ce\" data-element_type=\"widget\" data-widget_type=\"heading.default\">\n\t\t\t\t<div class=\"elementor-widget-container\">\n\t\t\t<style>\/*! elementor - v3.20.0 - 13-03-2024 *\/\n.elementor-heading-title{padding:0;margin:0;line-height:1}.elementor-widget-heading .elementor-heading-title[class*=elementor-size-]>a{color:inherit;font-size:inherit;line-height:inherit}.elementor-widget-heading .elementor-heading-title.elementor-size-small{font-size:15px}.elementor-widget-heading .elementor-heading-title.elementor-size-medium{font-size:19px}.elementor-widget-heading .elementor-heading-title.elementor-size-large{font-size:29px}.elementor-widget-heading .elementor-heading-title.elementor-size-xl{font-size:39px}.elementor-widget-heading .elementor-heading-title.elementor-size-xxl{font-size:59px}<\/style><h1 class=\"elementor-heading-title elementor-size-default\">AV\u00cdS LEGAL I CONDICIONS GENERALS D'\u00daS<\/h1>\t\t<\/div>\n\t\t\t\t<\/div>\n\t\t\t\t<div class=\"elementor-element elementor-element-20c9d39 elementor-widget elementor-widget-text-editor\" data-id=\"20c9d39\" data-element_type=\"widget\" data-widget_type=\"text-editor.default\">\n\t\t\t\t<div class=\"elementor-widget-container\">\n\t\t\t<style>\/*! elementor - v3.20.0 - 13-03-2024 *\/\n.elementor-widget-text-editor.elementor-drop-cap-view-stacked .elementor-drop-cap{background-color:#69727d;color:#fff}.elementor-widget-text-editor.elementor-drop-cap-view-framed .elementor-drop-cap{color:#69727d;border:3px solid;background-color:transparent}.elementor-widget-text-editor:not(.elementor-drop-cap-view-default) .elementor-drop-cap{margin-top:8px}.elementor-widget-text-editor:not(.elementor-drop-cap-view-default) .elementor-drop-cap-letter{width:1em;height:1em}.elementor-widget-text-editor .elementor-drop-cap{float:left;text-align:center;line-height:1;font-size:50px}.elementor-widget-text-editor .elementor-drop-cap-letter{display:inline-block}<\/style>\t\t\t\t<ol><li><strong> INFORMACI\u00d3 GENERAL<\/strong><\/li><\/ol><p>En compliment amb el deure d&#8217;informaci\u00f3 disposat en la Llei 34\/2002 de Serveis de la Societat de la Informaci\u00f3 i el Comer\u00e7 Electr\u00f2nic (LSSI-CE) d&#8217;11 de juliol, es faciliten a continuaci\u00f3 les seg\u00fcents dades d&#8217;informaci\u00f3 general d&#8217;aquest lloc web: La titularitat d&#8217;aquest lloc web, https:\/\/www.clarencehouse.cat, (d&#8217;ara endavant, Lloc web) l&#8217;ostenta: Clarence House School of English, amb CIF: B60839016<\/p><p>, i les dades de contacte del qual s\u00f3n: Carrer de Jovellanos n\u00famero 91 08201 Sabadell &#8211; Barcelona, Tel\u00e8fon de contacte: 34 93 727 06 63, email de contacte: <a href=\"mailto:info@clarencehouse.cat\">info@clarencehouse.cat<\/a><\/p><ol start=\"2\"><li><strong> TERMES I CONDICIONS GENERALS D&#8217;\u00daS<\/strong><\/li><\/ol><p>L&#8217;objecte de les condicions: El Lloc web<\/p><p>L&#8217;objecte de les presents Condicions Generals d&#8217;\u00das (d&#8217;ara endavant, Condicions) \u00e9s regular l&#8217;acc\u00e9s i la utilitzaci\u00f3 del siteweb. A l&#8217;efecte de les presents Condicions s&#8217;entendr\u00e0 com a Lloc web: l&#8217;aparen\u00e7a externa de les interf\u00edcies de pantalla, tant de manera est\u00e0tica com de manera din\u00e0mica, \u00e9s a dir, l&#8217;arbre de navegaci\u00f3; i tots els elements integrats tant en les interf\u00edcies de pantalla com en l&#8217;arbre de navegaci\u00f3 (d&#8217;ara endavant, Continguts) i tots aquells serveis o recursos en l\u00ednia que en el seu cas ofereixi als Usuaris (d&#8217;ara endavant, Serveis). Clarence House School of English es reserva la facultat de modificar, en qualsevol moment, i sense av\u00eds previ, la presentaci\u00f3 i configuraci\u00f3 del Lloc web i dels Continguts i Serveis que en ell poguessin estar incorporats. L&#8217;Usuari reconeix i accepta que en qualsevol moment Clarence House School of English pugui interrompre, desactivar i\/o cancel\u00b7lar qualsevol d&#8217;aquests elements que s&#8217;integren en el Lloc web o l&#8217;acc\u00e9s a aquests. L&#8217;acc\u00e9s al Lloc web per l&#8217;Usuari t\u00e9 car\u00e0cter lliure i, per regla general, \u00e9s gratu\u00eft sense que l&#8217;Usuari hagi de proporcionar una contraprestaci\u00f3 per a poder gaudir d&#8217;aix\u00f2, excepte en el relatiu al cost de connexi\u00f3 a trav\u00e9s de la xarxa de telecomunicacions subministrada pel prove\u00efdor d&#8217;acc\u00e9s que hagu\u00e9s contractat l&#8217;Usuari. La utilitzaci\u00f3 d&#8217;algun dels Continguts o Serveis del Lloc web podr\u00e0 fer-se mitjan\u00e7ant la subscripci\u00f3 o registre previ de l&#8217;Usuari.<\/p><p>L&#8217;Usuari<\/p><p>L&#8217;acc\u00e9s, la navegaci\u00f3 i \u00fas del Lloc web, aix\u00ed com pels espais habilitats per a interactuar entre els Usuaris, i l&#8217;Usuari i Clarence House School of English, com els comentaris i\/o espais de blogging, confereix la condici\u00f3 d&#8217;Usuari, per la qual cosa s&#8217;accepten, des que s&#8217;inicia la navegaci\u00f3 pel Lloc web, totes les Condicions aqu\u00ed establertes, aix\u00ed com les seves ulteriors modificacions, sense perjudici de l&#8217;aplicaci\u00f3 de la corresponent normativa legal d&#8217;obligat compliment segons el cas. Donada la rellev\u00e0ncia de l&#8217;anterior, es recomana a l&#8217;Usuari llegir-les cada vegada que visiti el Lloc web. El Lloc web de Clarence House School of English proporciona gran diversitat d&#8217;informaci\u00f3, serveis i dades. L&#8217;Usuari assumeix la seva responsabilitat per a realitzar un \u00fas correcte del Lloc web. Aquesta responsabilitat s&#8217;estendr\u00e0 a:<\/p><ul><li>Un \u00fas de la informaci\u00f3, Continguts i\/o Serveis i dades ofertes per Clarence House School of English sense que sigui contrari al que es disposa per les presents Condicions, la Llei, la moral o l&#8217;ordre p\u00fablic, o que de qualsevol altra manera puguin suposar lesi\u00f3 dels drets de tercers o del mateix funcionament del Lloc web.<\/li><li>La veracitat i licitud de les informacions aportades per l&#8217;Usuari en els formularis estesos per Clarence House School of English per a l&#8217;acc\u00e9s a uns certs Continguts o Serveis oferts pel Lloc web. En tot cas, l&#8217;Usuari notificar\u00e0 de manera immediata a Clarence House School of English sobre qualsevol fet que permeti l&#8217;\u00fas indegut de la informaci\u00f3 registrada en aquests formularis, com ara, per\u00f2 no nom\u00e9s, el robatori, extraviament, o l&#8217;acc\u00e9s no autoritzat a identificadors i\/o contrasenyes, amb la finalitat de procedir a la seva immediata cancel\u00b7laci\u00f3.<\/li><\/ul><p>Clarence House School of English es reserva el dret de retirar tots aquells comentaris i aportacions que vulnerin la llei, el respecte a la dignitat de la persona, que siguin discriminatoris, xen\u00f2fobs, racistes, pornogr\u00e0fics, spamming, que atemptin contra la joventut o la inf\u00e0ncia, l&#8217;ordre o la seguretat p\u00fablica o que, al seu judici, no resultessin adequats per a la seva publicaci\u00f3. En qualsevol cas, Clarence House School of English no ser\u00e0 responsable de les opinions abocades pels Usuaris a trav\u00e9s de comentaris o altres eines de blogging o de participaci\u00f3 que pugui haver-hi. El mer acc\u00e9s a aquest Lloc web no suposa entaular cap mena de relaci\u00f3 de car\u00e0cter comercial entre Clarence House School of English i l&#8217;Usuari. L&#8217;Usuari declara ser major d&#8217;edat i disposar de la capacitat jur\u00eddica suficient per a vincular-se per les presents Condicions i\/o representant o tutor legal. Clarence House School of English declina qualsevol responsabilitat per l&#8217;incompliment d&#8217;aquest requisit.<\/p><ol start=\"3\"><li><strong> ACC\u00c9S I NAVEGACI\u00d3 EN EL LLOC WEB: EXCLUSI\u00d3 DE GARANTIES I RESPONSABILITAT<\/strong><\/li><\/ol><p>Clarence House School of English no garanteix la continu\u00eftat, disponibilitat i utilitat del Lloc web, ni dels Continguts o Serveis. Clarence House School of English far\u00e0 tot el possible pel bon funcionament del Lloc web, no obstant aix\u00f2, no es responsabilitza ni garanteix que l&#8217;acc\u00e9s a aquest Lloc web no vagi a ser ininterromput o que estigui lliure d&#8217;error. Tampoc es responsabilitza o garanteix que el contingut o programari al qual pugui accedir-se a trav\u00e9s d&#8217;aquest Lloc web, estigui lliure d&#8217;error o causi un mal al sistema inform\u00e0tic (programari i maquinari) de l&#8217;Usuari. En cap cas Clarence House School of English ser\u00e0 responsable per les p\u00e8rdues, danys o perjudicis de qualsevol tipus que sorgeixin per l&#8217;acc\u00e9s, navegaci\u00f3 i l&#8217;\u00fas del Lloc web, incloent-se, per\u00f2 no limitant-se, als ocasionats als sistemes inform\u00e0tics o els provocats per la introducci\u00f3 de virus. Clarence House School of English tampoc es fa responsable dels danys que poguessin ocasionar-se als usuaris per un \u00fas inadequat d&#8217;aquest Lloc web. En particular, no es fa responsable de cap manera de les caigudes, interrupcions, falta o defecte de les telecomunicacions que poguessin oc\u00f3rrer.<\/p><ol start=\"4\"><li><strong> POL\u00cdTICA D&#8217;ENLLA\u00c7OS<\/strong><\/li><\/ol><p>S&#8217;informa que el Lloc web de Clarence House School of English posa o pot posar a la disposici\u00f3 dels Usuaris mitjans d&#8217;enlla\u00e7 (com, entre altres, links, b\u00e0ners, botons), directoris i motors de cerca que permeten als Usuaris accedir a llocs web pertanyents i\/o gestionats per tercers. La instal\u00b7laci\u00f3 d&#8217;aquests enlla\u00e7os, directoris i motors de cerca en el Lloc web t\u00e9 per objecte facilitar als Usuaris la cerca d&#8217;i acc\u00e9s a la informaci\u00f3 disponible en Internet, sense que pugui considerar-se un suggeriment, recomanaci\u00f3 o invitaci\u00f3 per a la visita d&#8217;aquests. Clarence House School of English no ofereix ni comercialitza per si ni per mitj\u00e0 de tercers els productes i\/o serveis disponibles en aquests llocs enlla\u00e7ats. Aix\u00ed mateix, tampoc garantir\u00e0 la disponibilitat t\u00e8cnica, exactitud, veracitat, validesa o legalitat de llocs aliens a la seva propietat als quals es pugui accedir per mitj\u00e0 dels enlla\u00e7os. Clarence House School of English en cap cas revisar\u00e0 o controlar\u00e0 el contingut d&#8217;altres llocs web, aix\u00ed com tampoc aprova, examina ni fa propis els productes i serveis, continguts, arxius i qualsevol altre material existent en els referits llocs enlla\u00e7ats. Clarence House School of English no assumeix cap responsabilitat pels danys i perjudicis que poguessin produir-se per l&#8217;acc\u00e9s, \u00fas, qualitat o licitud dels continguts, comunicacions, opinions, productes i serveis dels llocs web no gestionats per Clarence House School of English i que siguin enlla\u00e7ats en aquest Lloc web. L&#8217;Usuari o tercer que realitzi un enlla\u00e7 des d&#8217;una p\u00e0gina web d&#8217;un altre, diferent, lloc web al Lloc web de Clarence House School of English haur\u00e0 de saber que: No es permet la reproducci\u00f3 \u2014totalment o parcialment\u2014 de cap dels Continguts i\/o Serveis del Lloc web sense autoritzaci\u00f3 expressa de Clarence House School of English. No es permet tampoc cap manifestaci\u00f3 falsa, inexacta o incorrecta sobre el Lloc web de Clarence House School of English, ni sobre els Continguts i\/o Serveis d&#8217;aquest. A excepci\u00f3 de l&#8217;enlla\u00e7, el lloc web en el qual s&#8217;estableixi aquest enlla\u00e7 no contindr\u00e0 cap element, d&#8217;aquest Lloc web, protegit com a propietat intel\u00b7lectual per l&#8217;ordenament jur\u00eddic espanyol, excepte autoritzaci\u00f3 expressa de Clarence House School of English. L&#8217;establiment de l&#8217;enlla\u00e7 no implicar\u00e0 l&#8217;exist\u00e8ncia de relacions entre Clarence House School of English i el titular del lloc web des del qual es realitzi, ni el coneixement i acceptaci\u00f3 de Clarence House School of English dels continguts, serveis oferts en aquest lloc web, i viceversa.<\/p><ol start=\"5\"><li><strong> PROPIETAT INTEL\u00b7LECTUAL I INDUSTRIAL<\/strong><\/li><\/ol><p>Clarence House School of English per si o com a part cession\u00e0ria, \u00e9s titular de tots els drets de propietat intel\u00b7lectual i industrial del Lloc web, aix\u00ed com dels elements continguts en el mateix (a t\u00edtol enunciatiu i no exhaustiu, imatges, so, \u00e0udio, v\u00eddeo, programari o textos, marques o logotips, combinacions de colors, estructura i disseny, selecci\u00f3 de materials usats, programes d&#8217;ordinador necessaris per al seu funcionament, acc\u00e9s i \u00fas, etc.). Seran, per conseg\u00fcent, obres protegides com a propietat intel\u00b7lectual per l&#8217;ordenament jur\u00eddic espanyol, sent-los aplicables tant la normativa espanyola i comunit\u00e0ria en aquest camp, com els tractats internacionals relatius a la mat\u00e8ria i subscrits per Espanya. Tots els drets reservats. En virtut del que es disposa en la Llei de Propietat Intel\u00b7lectual, queden expressament prohibides la reproducci\u00f3, la distribuci\u00f3 i la comunicaci\u00f3 p\u00fablica, inclosa la seva modalitat de posada a disposici\u00f3, de la totalitat o part dels continguts d&#8217;aquesta p\u00e0gina web, amb finalitats comercials, en qualsevol suport i per qualsevol mitj\u00e0 t\u00e8cnic, sense l&#8217;autoritzaci\u00f3 de Clarence House School of English. L&#8217;Usuari es compromet a respectar els drets de propietat intel\u00b7lectual i industrial de Clarence House School of English. Podr\u00e0 visualitzar els elements del Lloc web o fins i tot imprimir-los, copiar-los i emmagatzemar-los en el disc dur del seu ordinador o en qualsevol altre suport f\u00edsic, sempre que sigui, exclusivament, per al seu \u00fas personal. L&#8217;Usuari, no obstant aix\u00f2, no podr\u00e0 suprimir, alterar, o manipular qualsevol dispositiu de protecci\u00f3 o sistema de seguretat que estigu\u00e9s instal\u00b7lat en el Lloc web. En cas que l&#8217;Usuari o tercer consideri que qualsevol dels Continguts del Lloc web suposi una violaci\u00f3 dels drets de protecci\u00f3 de la propietat intel\u00b7lectual, haur\u00e0 de comunicar-ho immediatament a Clarence House School of English a trav\u00e9s de les dades de contacte de l&#8217;apartat d&#8217;INFORMACI\u00d3 GENERAL d&#8217;aquest Av\u00eds Legal i Condicions Generals d&#8217;\u00das.<\/p><ol start=\"6\"><li><strong> ACCIONS LEGALS, LEGISLACI\u00d3 APLICABLE I JURISDICCI\u00d3<\/strong><\/li><\/ol><p>Clarence House School of English es reserva la facultat de presentar les accions civils o penals que consideri necess\u00e0ries per la utilitzaci\u00f3 indeguda del Lloc web i Continguts, o per l&#8217;incompliment de les presents Condicions. La relaci\u00f3 entre l&#8217;Usuari i Clarence House School of English es regir\u00e0 per la normativa vigent i d&#8217;aplicaci\u00f3 en el territori espanyol. De sorgir qualsevol controv\u00e8rsia en relaci\u00f3 amb la interpretaci\u00f3 i\/o a l&#8217;aplicaci\u00f3 d&#8217;aquestes Condicions les parts sotmetran els seus conflictes a la jurisdicci\u00f3 ordin\u00e0ria, sotmetent-se als jutges i tribunals que corresponguin conforme a dret. Aquest document d&#8217;Av\u00eds ha estat actualitzat el dia 07\/02\/2023<\/p>\t\t\t\t\t\t<\/div>\n\t\t\t\t<\/div>\n\t\t\t\t\t<\/div>\n\t\t<\/div>\n\t\t\t\t\t<\/div>\n\t\t<\/section>\n\t\t\t\t<\/div>\n\t\t","protected":false},"excerpt":{"rendered":"<p>AV\u00cdS LEGAL I CONDICIONS GENERALS D&#8217;\u00daS INFORMACI\u00d3 GENERAL En compliment amb el deure d&#8217;informaci\u00f3 disposat en la Llei 34\/2002 de Serveis de la Societat de la Informaci\u00f3 i el Comer\u00e7 Electr\u00f2nic (LSSI-CE) d&#8217;11 de juliol, es faciliten a continuaci\u00f3 les seg\u00fcents dades d&#8217;informaci\u00f3 general d&#8217;aquest lloc web: La titularitat d&#8217;aquest lloc web, https:\/\/www.clarencehouse.cat, (d&#8217;ara endavant, [&hellip;]<\/p>\n","protected":false},"author":1,"featured_media":0,"parent":0,"menu_order":14,"comment_status":"closed","ping_status":"closed","template":"elementor_header_footer","meta":{"_joinchat":[],"footnotes":""},"class_list":["post-4882","page","type-page","status-publish","hentry"],"yoast_head":"<!-- This site is optimized with the Yoast SEO plugin v26.8 - https:\/\/yoast.com\/product\/yoast-seo-wordpress\/ -->\n<title>Pol\u00edtica de privacitat - Clarence House Sabadell<\/title>\n<meta name=\"description\" content=\"En Clarence House School of English ens preocupem per la teva privacitat i t&#039;informem de com exercir els teus drets amb total transpar\u00e8ncia.\" \/>\n<meta name=\"robots\" content=\"index, follow, max-snippet:-1, max-image-preview:large, max-video-preview:-1\" \/>\n<link rel=\"canonical\" href=\"https:\/\/www.clarencehouse.cat\/ca\/avis-legal\/\" \/>\n<meta property=\"og:locale\" content=\"ca_ES\" \/>\n<meta property=\"og:type\" content=\"article\" \/>\n<meta property=\"og:title\" content=\"Pol\u00edtica de privacitat - Clarence House Sabadell\" \/>\n<meta property=\"og:description\" content=\"En Clarence House School of English ens preocupem per la teva privacitat i t&#039;informem de com exercir els teus drets amb total transpar\u00e8ncia.\" \/>\n<meta property=\"og:url\" content=\"https:\/\/www.clarencehouse.cat\/ca\/avis-legal\/\" \/>\n<meta property=\"og:site_name\" content=\"Academia ingles Sabadell\" \/>\n<meta property=\"article:publisher\" content=\"https:\/\/www.facebook.com\/ClarenceHouseSabadell\/\" \/>\n<meta property=\"article:modified_time\" content=\"2024-02-02T15:07:36+00:00\" \/>\n<meta property=\"og:image\" content=\"https:\/\/www.clarencehouse.cat\/wp-content\/uploads\/2023\/01\/academia-ingles-sabadell-clarencehouse-sitelogo.jpg\" \/>\n\t<meta property=\"og:image:width\" content=\"483\" \/>\n\t<meta property=\"og:image:height\" content=\"500\" \/>\n\t<meta property=\"og:image:type\" content=\"image\/jpeg\" \/>\n<meta name=\"twitter:card\" content=\"summary_large_image\" \/>\n<meta name=\"twitter:label1\" content=\"Temps estimat de lectura\" \/>\n\t<meta name=\"twitter:data1\" content=\"9 minuts\" \/>\n<script type=\"application\/ld+json\" class=\"yoast-schema-graph\">{\"@context\":\"https:\/\/schema.org\",\"@graph\":[{\"@type\":\"WebPage\",\"@id\":\"https:\/\/www.clarencehouse.cat\/ca\/avis-legal\/\",\"url\":\"https:\/\/www.clarencehouse.cat\/ca\/avis-legal\/\",\"name\":\"Pol\u00edtica de privacitat - Clarence House Sabadell\",\"isPartOf\":{\"@id\":\"https:\/\/www.clarencehouse.cat\/#website\"},\"datePublished\":\"2023-02-07T16:52:39+00:00\",\"dateModified\":\"2024-02-02T15:07:36+00:00\",\"description\":\"En Clarence House School of English ens preocupem per la teva privacitat i t'informem de com exercir els teus drets amb total transpar\u00e8ncia.\",\"breadcrumb\":{\"@id\":\"https:\/\/www.clarencehouse.cat\/ca\/avis-legal\/#breadcrumb\"},\"inLanguage\":\"ca\",\"potentialAction\":[{\"@type\":\"ReadAction\",\"target\":[\"https:\/\/www.clarencehouse.cat\/ca\/avis-legal\/\"]}]},{\"@type\":\"BreadcrumbList\",\"@id\":\"https:\/\/www.clarencehouse.cat\/ca\/avis-legal\/#breadcrumb\",\"itemListElement\":[{\"@type\":\"ListItem\",\"position\":1,\"name\":\"Portada\",\"item\":\"https:\/\/www.clarencehouse.cat\/\"},{\"@type\":\"ListItem\",\"position\":2,\"name\":\"Av\u00eds Legal\"}]},{\"@type\":\"WebSite\",\"@id\":\"https:\/\/www.clarencehouse.cat\/#website\",\"url\":\"https:\/\/www.clarencehouse.cat\/\",\"name\":\"Academia ingles Sabadell\",\"description\":\"Academia de ingl\u00e9s: cursos de ingl\u00e9s, clases de ingl\u00e9s, intensivos de ingl\u00e9s, preparaci\u00f3n ex\u00e1menes de ingl\u00e9s en Sabadell\",\"publisher\":{\"@id\":\"https:\/\/www.clarencehouse.cat\/#organization\"},\"alternateName\":\"Clarence House School of English\",\"potentialAction\":[{\"@type\":\"SearchAction\",\"target\":{\"@type\":\"EntryPoint\",\"urlTemplate\":\"https:\/\/www.clarencehouse.cat\/?s={search_term_string}\"},\"query-input\":{\"@type\":\"PropertyValueSpecification\",\"valueRequired\":true,\"valueName\":\"search_term_string\"}}],\"inLanguage\":\"ca\"},{\"@type\":\"Organization\",\"@id\":\"https:\/\/www.clarencehouse.cat\/#organization\",\"name\":\"Clarence House School of English\",\"alternateName\":\"Clarence House\",\"url\":\"https:\/\/www.clarencehouse.cat\/\",\"logo\":{\"@type\":\"ImageObject\",\"inLanguage\":\"ca\",\"@id\":\"https:\/\/www.clarencehouse.cat\/#\/schema\/logo\/image\/\",\"url\":\"https:\/\/www.clarencehouse.cat\/wp-content\/uploads\/2023\/01\/academia-ingles-sabadell-clarencehouse-sitelogo.jpg\",\"contentUrl\":\"https:\/\/www.clarencehouse.cat\/wp-content\/uploads\/2023\/01\/academia-ingles-sabadell-clarencehouse-sitelogo.jpg\",\"width\":483,\"height\":500,\"caption\":\"Clarence House School of English\"},\"image\":{\"@id\":\"https:\/\/www.clarencehouse.cat\/#\/schema\/logo\/image\/\"},\"sameAs\":[\"https:\/\/www.facebook.com\/ClarenceHouseSabadell\/\",\"https:\/\/www.instagram.com\/clarencehousesabadell\/\"]}]}<\/script>\n<!-- \/ Yoast SEO plugin. -->","yoast_head_json":{"title":"Pol\u00edtica de privacitat - Clarence House Sabadell","description":"En Clarence House School of English ens preocupem per la teva privacitat i t'informem de com exercir els teus drets amb total transpar\u00e8ncia.","robots":{"index":"index","follow":"follow","max-snippet":"max-snippet:-1","max-image-preview":"max-image-preview:large","max-video-preview":"max-video-preview:-1"},"canonical":"https:\/\/www.clarencehouse.cat\/ca\/avis-legal\/","og_locale":"ca_ES","og_type":"article","og_title":"Pol\u00edtica de privacitat - Clarence House Sabadell","og_description":"En Clarence House School of English ens preocupem per la teva privacitat i t'informem de com exercir els teus drets amb total transpar\u00e8ncia.","og_url":"https:\/\/www.clarencehouse.cat\/ca\/avis-legal\/","og_site_name":"Academia ingles Sabadell","article_publisher":"https:\/\/www.facebook.com\/ClarenceHouseSabadell\/","article_modified_time":"2024-02-02T15:07:36+00:00","og_image":[{"width":483,"height":500,"url":"https:\/\/www.clarencehouse.cat\/wp-content\/uploads\/2023\/01\/academia-ingles-sabadell-clarencehouse-sitelogo.jpg","type":"image\/jpeg"}],"twitter_card":"summary_large_image","twitter_misc":{"Temps estimat de lectura":"9 minuts"},"schema":{"@context":"https:\/\/schema.org","@graph":[{"@type":"WebPage","@id":"https:\/\/www.clarencehouse.cat\/ca\/avis-legal\/","url":"https:\/\/www.clarencehouse.cat\/ca\/avis-legal\/","name":"Pol\u00edtica de privacitat - Clarence House Sabadell","isPartOf":{"@id":"https:\/\/www.clarencehouse.cat\/#website"},"datePublished":"2023-02-07T16:52:39+00:00","dateModified":"2024-02-02T15:07:36+00:00","description":"En Clarence House School of English ens preocupem per la teva privacitat i t'informem de com exercir els teus drets amb total transpar\u00e8ncia.","breadcrumb":{"@id":"https:\/\/www.clarencehouse.cat\/ca\/avis-legal\/#breadcrumb"},"inLanguage":"ca","potentialAction":[{"@type":"ReadAction","target":["https:\/\/www.clarencehouse.cat\/ca\/avis-legal\/"]}]},{"@type":"BreadcrumbList","@id":"https:\/\/www.clarencehouse.cat\/ca\/avis-legal\/#breadcrumb","itemListElement":[{"@type":"ListItem","position":1,"name":"Portada","item":"https:\/\/www.clarencehouse.cat\/"},{"@type":"ListItem","position":2,"name":"Av\u00eds Legal"}]},{"@type":"WebSite","@id":"https:\/\/www.clarencehouse.cat\/#website","url":"https:\/\/www.clarencehouse.cat\/","name":"Academia ingles Sabadell","description":"Academia de ingl\u00e9s: cursos de ingl\u00e9s, clases de ingl\u00e9s, intensivos de ingl\u00e9s, preparaci\u00f3n ex\u00e1menes de ingl\u00e9s en Sabadell","publisher":{"@id":"https:\/\/www.clarencehouse.cat\/#organization"},"alternateName":"Clarence House School of English","potentialAction":[{"@type":"SearchAction","target":{"@type":"EntryPoint","urlTemplate":"https:\/\/www.clarencehouse.cat\/?s={search_term_string}"},"query-input":{"@type":"PropertyValueSpecification","valueRequired":true,"valueName":"search_term_string"}}],"inLanguage":"ca"},{"@type":"Organization","@id":"https:\/\/www.clarencehouse.cat\/#organization","name":"Clarence House School of English","alternateName":"Clarence House","url":"https:\/\/www.clarencehouse.cat\/","logo":{"@type":"ImageObject","inLanguage":"ca","@id":"https:\/\/www.clarencehouse.cat\/#\/schema\/logo\/image\/","url":"https:\/\/www.clarencehouse.cat\/wp-content\/uploads\/2023\/01\/academia-ingles-sabadell-clarencehouse-sitelogo.jpg","contentUrl":"https:\/\/www.clarencehouse.cat\/wp-content\/uploads\/2023\/01\/academia-ingles-sabadell-clarencehouse-sitelogo.jpg","width":483,"height":500,"caption":"Clarence House School of English"},"image":{"@id":"https:\/\/www.clarencehouse.cat\/#\/schema\/logo\/image\/"},"sameAs":["https:\/\/www.facebook.com\/ClarenceHouseSabadell\/","https:\/\/www.instagram.com\/clarencehousesabadell\/"]}]}},"_links":{"self":[{"href":"https:\/\/www.clarencehouse.cat\/ca\/wp-json\/wp\/v2\/pages\/4882","targetHints":{"allow":["GET"]}}],"collection":[{"href":"https:\/\/www.clarencehouse.cat\/ca\/wp-json\/wp\/v2\/pages"}],"about":[{"href":"https:\/\/www.clarencehouse.cat\/ca\/wp-json\/wp\/v2\/types\/page"}],"author":[{"embeddable":true,"href":"https:\/\/www.clarencehouse.cat\/ca\/wp-json\/wp\/v2\/users\/1"}],"replies":[{"embeddable":true,"href":"https:\/\/www.clarencehouse.cat\/ca\/wp-json\/wp\/v2\/comments?post=4882"}],"version-history":[{"count":7,"href":"https:\/\/www.clarencehouse.cat\/ca\/wp-json\/wp\/v2\/pages\/4882\/revisions"}],"predecessor-version":[{"id":8511,"href":"https:\/\/www.clarencehouse.cat\/ca\/wp-json\/wp\/v2\/pages\/4882\/revisions\/8511"}],"wp:attachment":[{"href":"https:\/\/www.clarencehouse.cat\/ca\/wp-json\/wp\/v2\/media?parent=4882"}],"curies":[{"name":"wp","href":"https:\/\/api.w.org\/{rel}","templated":true}]}}