{"id":4990,"date":"2023-02-07T16:57:51","date_gmt":"2023-02-07T16:57:51","guid":{"rendered":"https:\/\/www.clarencehouse.cat\/politica-de-cookies\/"},"modified":"2023-07-03T14:56:52","modified_gmt":"2023-07-03T14:56:52","slug":"politica-de-cookies","status":"publish","type":"page","link":"https:\/\/www.clarencehouse.cat\/ca\/politica-de-cookies\/","title":{"rendered":"Pol\u00edtica de cookies"},"content":{"rendered":"\t\t<div data-elementor-type=\"wp-page\" data-elementor-id=\"4990\" class=\"elementor elementor-4990 elementor-509\" data-elementor-post-type=\"page\">\n\t\t\t\t\t\t<section class=\"elementor-section elementor-top-section elementor-element elementor-element-0e86b20 elementor-section-boxed elementor-section-height-default elementor-section-height-default\" data-id=\"0e86b20\" data-element_type=\"section\">\n\t\t\t\t\t\t<div class=\"elementor-container elementor-column-gap-default\">\n\t\t\t\t\t<div class=\"elementor-column elementor-col-100 elementor-top-column elementor-element elementor-element-2103d1b\" data-id=\"2103d1b\" data-element_type=\"column\">\n\t\t\t<div class=\"elementor-widget-wrap elementor-element-populated\">\n\t\t\t\t\t\t<div class=\"elementor-element elementor-element-ab0312f elementor-widget elementor-widget-heading\" data-id=\"ab0312f\" data-element_type=\"widget\" data-widget_type=\"heading.default\">\n\t\t\t\t<div class=\"elementor-widget-container\">\n\t\t\t<style>\/*! elementor - v3.20.0 - 13-03-2024 *\/\n.elementor-heading-title{padding:0;margin:0;line-height:1}.elementor-widget-heading .elementor-heading-title[class*=elementor-size-]>a{color:inherit;font-size:inherit;line-height:inherit}.elementor-widget-heading .elementor-heading-title.elementor-size-small{font-size:15px}.elementor-widget-heading .elementor-heading-title.elementor-size-medium{font-size:19px}.elementor-widget-heading .elementor-heading-title.elementor-size-large{font-size:29px}.elementor-widget-heading .elementor-heading-title.elementor-size-xl{font-size:39px}.elementor-widget-heading .elementor-heading-title.elementor-size-xxl{font-size:59px}<\/style><h1 class=\"elementor-heading-title elementor-size-default\">POL\u00cdTICA DE COOKIES <\/h1>\t\t<\/div>\n\t\t\t\t<\/div>\n\t\t\t\t<div class=\"elementor-element elementor-element-a92a4af elementor-widget elementor-widget-text-editor\" data-id=\"a92a4af\" data-element_type=\"widget\" data-widget_type=\"text-editor.default\">\n\t\t\t\t<div class=\"elementor-widget-container\">\n\t\t\t<style>\/*! elementor - v3.20.0 - 13-03-2024 *\/\n.elementor-widget-text-editor.elementor-drop-cap-view-stacked .elementor-drop-cap{background-color:#69727d;color:#fff}.elementor-widget-text-editor.elementor-drop-cap-view-framed .elementor-drop-cap{color:#69727d;border:3px solid;background-color:transparent}.elementor-widget-text-editor:not(.elementor-drop-cap-view-default) .elementor-drop-cap{margin-top:8px}.elementor-widget-text-editor:not(.elementor-drop-cap-view-default) .elementor-drop-cap-letter{width:1em;height:1em}.elementor-widget-text-editor .elementor-drop-cap{float:left;text-align:center;line-height:1;font-size:50px}.elementor-widget-text-editor .elementor-drop-cap-letter{display:inline-block}<\/style>\t\t\t\t<p>L&#8217;acc\u00e9s a aquest Lloc web pot implicar la utilitzaci\u00f3 de cookies. Les cookies s\u00f3n petites quantitats d&#8217;informaci\u00f3 que s&#8217;emmagatzemen en el navegador utilitzat per cada Usuari \u2014en els diferents dispositius que pugui utilitzar per a navegar\u2014 perqu\u00e8 el servidor recordi una certa informaci\u00f3 que posteriorment i \u00fanicament el servidor que la va implementar llegir\u00e0. Les cookies faciliten la navegaci\u00f3, la fan m\u00e9s amigable, i no danyen el dispositiu de navegaci\u00f3.<\/p><p>Les cookies s\u00f3n procediments autom\u00e0tics de recollida d&#8217;informaci\u00f3 relativa a les prefer\u00e8ncies determinades per l&#8217;Usuari durant la seva visita al Lloc web amb la finalitat de recon\u00e8ixer-lo com a Usuari, i personalitzar la seva experi\u00e8ncia i l&#8217;\u00fas del Lloc web, i poden tamb\u00e9, per exemple, ajudar a identificar i resoldre errors.<\/p><p>La informaci\u00f3 recaptada a trav\u00e9s de les cookies pot incloure la data i hora de visites al Lloc web, les p\u00e0gines visionades, el temps que ha estat en el Lloc web i els llocs visitats just abans i despr\u00e9s d&#8217;aquest. No obstant aix\u00f2, cap cookie permet que aquesta mateixa pugui contactar-se amb el n\u00famero de tel\u00e8fon de l&#8217;Usuari o amb qualsevol altre mitj\u00e0 de contacte personal. Cap cookie pot extreure informaci\u00f3 del disc dur de l&#8217;Usuari o robar informaci\u00f3 personal. L&#8217;\u00fanica manera que la informaci\u00f3 privada de l&#8217;Usuari formi part de l&#8217;arxiu Cookie \u00e9s que l&#8217;usuari doni personalment aquesta informaci\u00f3 al servidor.<\/p><p>Les cookies que permeten identificar a una persona es consideren dades personals. Per tant, a les mateixes els ser\u00e0 aplicable la Pol\u00edtica de Privacitat anteriorment descrita. En aquest sentit, per a la utilitzaci\u00f3 de les mateixes ser\u00e0 necessari el consentiment de l&#8217;Usuari. Aquest consentiment ser\u00e0 comunicat, sobre la base d&#8217;una elecci\u00f3 aut\u00e8ntica, ofert mitjan\u00e7ant una decisi\u00f3 afirmativa i positiva, abans del tractament inicial, amovible i documentat.<\/p><p><strong>Cookies pr\u00f2pies <img decoding=\"async\" class=\"emoji\" role=\"img\" draggable=\"false\" src=\"https:\/\/s.w.org\/images\/core\/emoji\/14.0.0\/svg\/1f36a.svg\" alt=\"\ud83c\udf6a\" \/><br \/><\/strong><\/p><p>S\u00f3n aquelles cookies que s\u00f3n enviades a l&#8217;ordinador o dispositiu de l&#8217;Usuari i gestionades exclusivament per Clarence House School of English per al millor funcionament del Lloc web. La informaci\u00f3 que es recapta s&#8217;empra per a millorar la qualitat del Lloc web i el seu Contingut i la seva experi\u00e8ncia com a Usuari. Aquestes cookies permeten recon\u00e8ixer a l&#8217;Usuari com a visitant recurrent del Lloc web i adaptar el contingut per a oferir-li continguts que s&#8217;ajustin a les seves prefer\u00e8ncies.<\/p><p><strong>Cookies de tercers <img decoding=\"async\" class=\"emoji\" role=\"img\" draggable=\"false\" src=\"https:\/\/s.w.org\/images\/core\/emoji\/14.0.0\/svg\/1f36a.svg\" alt=\"\ud83c\udf6a\" \/><\/strong><\/p><p>S\u00f3n cookies utilitzades i gestionades per entitats externes que proporcionen a Clarence House School of English serveis sol\u00b7licitats per aquest mateix per a millorar el Lloc web i l&#8217;experi\u00e8ncia de l&#8217;usuari en navegar en el Lloc web. Els principals objectius per als quals s&#8217;utilitzen cookies de tercers s\u00f3n l&#8217;obtenci\u00f3 d&#8217;estad\u00edstiques d&#8217;accessos i analitzar la informaci\u00f3 de la navegaci\u00f3, \u00e9s a dir, com interactua l&#8217;Usuari amb el Lloc web.<\/p><p>La informaci\u00f3 que s&#8217;obt\u00e9 es refereix, per exemple, al nombre de p\u00e0gines visitades, l&#8217;idioma, el lloc a la qual l&#8217;adre\u00e7a IP des del qual accedeix l&#8217;Usuari, el nombre d&#8217;Usuaris que accedeixen, la freq\u00fc\u00e8ncia i reincid\u00e8ncia de les visites, el temps de visita, el navegador que usen, l&#8217;operador o tipus de dispositiu des del qual es realitza la visita. Aquesta informaci\u00f3 s&#8217;utilitza per a millorar el Lloc web, i detectar noves necessitats per a oferir als Usuaris un Contingut i\/o servei d&#8217;\u00f2ptima qualitat. En tot cas, la informaci\u00f3 es recopila de manera an\u00f2nima i s&#8217;elaboren informes de tend\u00e8ncies del Lloc web sense identificar a usuaris individuals.<\/p><p>Pot obtenir m\u00e9s informaci\u00f3 sobre les cookies, la informaci\u00f3 sobre la privacitat, o consultar la descripci\u00f3 del tipus de cookies que s&#8217;utilitza, els seus principals caracter\u00edstiques, per\u00edode d&#8217;expiraci\u00f3, etc. en el seg\u00fcent(s) enlla\u00e7(s):<\/p><p>Google Analytics: <a href=\"https:\/\/developers.google.com\/analytics\/devguides\/collection\/analyticsjs\/cookie-usage?hl=es\">https:\/\/developers.google.com\/analytics\/devguides\/collection\/analyticsjs\/cookie-usage?hl=es<\/a><\/p><p>La(s) entitat(\u00e9s) encarregada(s) del subministrament de cookies podr\u00e0(n) cedir aquesta informaci\u00f3 a tercers, sempre que l&#8217;exigeixi la llei, \u00e9s a dir un tercer el que processi aquesta informaci\u00f3 per a aquestes entitats.<\/p><p><strong>Cookies de xarxes socials <img decoding=\"async\" class=\"emoji\" role=\"img\" draggable=\"false\" src=\"https:\/\/s.w.org\/images\/core\/emoji\/14.0.0\/svg\/1f36a.svg\" alt=\"\ud83c\udf6a\" \/><img decoding=\"async\" class=\"emoji\" role=\"img\" draggable=\"false\" src=\"https:\/\/s.w.org\/images\/core\/emoji\/14.0.0\/svg\/1f36a.svg\" alt=\"\ud83c\udf6a\" \/><br \/><\/strong><\/p><p>Clarence House School of English incorpora plugins de xarxes socials, que permeten accedir a les mateixes a partir del Lloc web. Per aquesta ra\u00f3, les cookies de xarxes socials poden emmagatzemar-se en el navegador de l&#8217;Usuari. Els titulars d&#8217;aquestes xarxes socials disposen de les seves pr\u00f2pies pol\u00edtiques de protecci\u00f3 de dades i de cookies, sent ells mateixos, en cada cas, responsables dels seus propis fitxers i de les seves pr\u00f2pies pr\u00e0ctiques de privacitat. L&#8217;Usuari ha de referir-se a les mateixes per a informar-se sobre aquestes cookies i, en el seu cas, del tractament de les seves dades personals. \u00danicament, a t\u00edtol informatiu s&#8217;indiquen a continuaci\u00f3 els enlla\u00e7os en els quals es poden consultar aquestes pol\u00edtiques de privacitat i\/o de cookies:<\/p><ul><li>Facebook: <a href=\"https:\/\/www.facebook.com\/policies\/cookies\/\">https:\/\/www.facebook.com\/policies\/cookies\/<\/a><\/li><li>Twitter: <a href=\"https:\/\/twitter.com\/es\/privacy\">https:\/\/twitter.com\/es\/privacy<\/a><\/li><li>Instagram: <a href=\"https:\/\/help.instagram.com\/1896641480634370?ref=ig\">https:\/\/help.instagram.com\/1896641480634370?ref=ig<\/a><\/li><li>Goolge: <a href=\"https:\/\/policies.google.com\/technologies\/cookies?hl=es\">https:\/\/policies.google.com\/technologies\/cookies?hl=es<\/a><\/li><\/ul><div>\u00a0<\/div><div>\u00a0<\/div><p><strong>Deshabilitar, rebutjar i eliminar cookies<\/strong><\/p><p>L&#8217;Usuari pot deshabilitar, rebutjar i eliminar les cookies \u2014totalment o parcialment\u2014 instal\u00b7lades en el seu dispositiu mitjan\u00e7ant la configuraci\u00f3 del seu navegador (entre els quals es troben, per exemple, Chrome, Firefox, Safari, Explorer). En aquest sentit, els procediments per a rebutjar i eliminar les cookies poden diferir d&#8217;un navegador d&#8217;Internet a un altre. En conseq\u00fc\u00e8ncia, l&#8217;Usuari ha d&#8217;acudir a les instruccions facilitades pel propi navegador d&#8217;Internet que estigui utilitzant. En el cas que rebutgi l&#8217;\u00fas de cookies \u2014totalment o parcialment\u2014 podr\u00e0 continuar usant el Lloc web, si b\u00e9 podr\u00e0 tenir limitada la utilitzaci\u00f3 d&#8217;algunes de les prestacions d&#8217;aquest.<\/p><p>Aquest document de Pol\u00edtica de Cookies ha estat actualitzat el dia 08\/02\/2023.<\/p>\t\t\t\t\t\t<\/div>\n\t\t\t\t<\/div>\n\t\t\t\t\t<\/div>\n\t\t<\/div>\n\t\t\t\t\t<\/div>\n\t\t<\/section>\n\t\t\t\t<\/div>\n\t\t","protected":false},"excerpt":{"rendered":"<p>POL\u00cdTICA DE COOKIES L&#8217;acc\u00e9s a aquest Lloc web pot implicar la utilitzaci\u00f3 de cookies. Les cookies s\u00f3n petites quantitats d&#8217;informaci\u00f3 que s&#8217;emmagatzemen en el navegador utilitzat per cada Usuari \u2014en els diferents dispositius que pugui utilitzar per a navegar\u2014 perqu\u00e8 el servidor recordi una certa informaci\u00f3 que posteriorment i \u00fanicament el servidor que la va [&hellip;]<\/p>\n","protected":false},"author":1,"featured_media":0,"parent":0,"menu_order":16,"comment_status":"closed","ping_status":"closed","template":"elementor_header_footer","meta":{"_joinchat":[],"footnotes":""},"class_list":["post-4990","page","type-page","status-publish","hentry"],"yoast_head":"<!-- This site is optimized with the Yoast SEO plugin v26.8 - https:\/\/yoast.com\/product\/yoast-seo-wordpress\/ -->\n<title>Pol\u00edtica de privacitat - Clarence House Sabadell<\/title>\n<meta name=\"description\" content=\"En Clarence House ens preocupem per la teva privacitat i t&#039;expliquem com exercir els teus drets amb total transpar\u00e8ncia.\" \/>\n<meta name=\"robots\" content=\"index, follow, max-snippet:-1, max-image-preview:large, max-video-preview:-1\" \/>\n<link rel=\"canonical\" href=\"https:\/\/www.clarencehouse.cat\/ca\/politica-de-cookies\/\" \/>\n<meta property=\"og:locale\" content=\"ca_ES\" \/>\n<meta property=\"og:type\" content=\"article\" \/>\n<meta property=\"og:title\" content=\"Pol\u00edtica de privacitat - Clarence House Sabadell\" \/>\n<meta property=\"og:description\" content=\"En Clarence House ens preocupem per la teva privacitat i t&#039;expliquem com exercir els teus drets amb total transpar\u00e8ncia.\" \/>\n<meta property=\"og:url\" content=\"https:\/\/www.clarencehouse.cat\/ca\/politica-de-cookies\/\" \/>\n<meta property=\"og:site_name\" content=\"Academia ingles Sabadell\" \/>\n<meta property=\"article:publisher\" content=\"https:\/\/www.facebook.com\/ClarenceHouseSabadell\/\" \/>\n<meta property=\"article:modified_time\" content=\"2023-07-03T14:56:52+00:00\" \/>\n<meta property=\"og:image\" content=\"https:\/\/s.w.org\/images\/core\/emoji\/14.0.0\/svg\/1f36a.svg\" \/>\n<meta name=\"twitter:card\" content=\"summary_large_image\" \/>\n<meta name=\"twitter:label1\" content=\"Temps estimat de lectura\" \/>\n\t<meta name=\"twitter:data1\" content=\"5 minuts\" \/>\n<script type=\"application\/ld+json\" class=\"yoast-schema-graph\">{\"@context\":\"https:\/\/schema.org\",\"@graph\":[{\"@type\":\"WebPage\",\"@id\":\"https:\/\/www.clarencehouse.cat\/ca\/politica-de-cookies\/\",\"url\":\"https:\/\/www.clarencehouse.cat\/ca\/politica-de-cookies\/\",\"name\":\"Pol\u00edtica de privacitat - Clarence House Sabadell\",\"isPartOf\":{\"@id\":\"https:\/\/www.clarencehouse.cat\/#website\"},\"primaryImageOfPage\":{\"@id\":\"https:\/\/www.clarencehouse.cat\/ca\/politica-de-cookies\/#primaryimage\"},\"image\":{\"@id\":\"https:\/\/www.clarencehouse.cat\/ca\/politica-de-cookies\/#primaryimage\"},\"thumbnailUrl\":\"https:\/\/s.w.org\/images\/core\/emoji\/14.0.0\/svg\/1f36a.svg\",\"datePublished\":\"2023-02-07T16:57:51+00:00\",\"dateModified\":\"2023-07-03T14:56:52+00:00\",\"description\":\"En Clarence House ens preocupem per la teva privacitat i t'expliquem com exercir els teus drets amb total transpar\u00e8ncia.\",\"breadcrumb\":{\"@id\":\"https:\/\/www.clarencehouse.cat\/ca\/politica-de-cookies\/#breadcrumb\"},\"inLanguage\":\"ca\",\"potentialAction\":[{\"@type\":\"ReadAction\",\"target\":[\"https:\/\/www.clarencehouse.cat\/ca\/politica-de-cookies\/\"]}]},{\"@type\":\"ImageObject\",\"inLanguage\":\"ca\",\"@id\":\"https:\/\/www.clarencehouse.cat\/ca\/politica-de-cookies\/#primaryimage\",\"url\":\"https:\/\/s.w.org\/images\/core\/emoji\/14.0.0\/svg\/1f36a.svg\",\"contentUrl\":\"https:\/\/s.w.org\/images\/core\/emoji\/14.0.0\/svg\/1f36a.svg\"},{\"@type\":\"BreadcrumbList\",\"@id\":\"https:\/\/www.clarencehouse.cat\/ca\/politica-de-cookies\/#breadcrumb\",\"itemListElement\":[{\"@type\":\"ListItem\",\"position\":1,\"name\":\"Portada\",\"item\":\"https:\/\/www.clarencehouse.cat\/\"},{\"@type\":\"ListItem\",\"position\":2,\"name\":\"Pol\u00edtica de cookies\"}]},{\"@type\":\"WebSite\",\"@id\":\"https:\/\/www.clarencehouse.cat\/#website\",\"url\":\"https:\/\/www.clarencehouse.cat\/\",\"name\":\"Academia ingles Sabadell\",\"description\":\"Academia de ingl\u00e9s: cursos de ingl\u00e9s, clases de ingl\u00e9s, intensivos de ingl\u00e9s, preparaci\u00f3n ex\u00e1menes de ingl\u00e9s en Sabadell\",\"publisher\":{\"@id\":\"https:\/\/www.clarencehouse.cat\/#organization\"},\"alternateName\":\"Clarence House School of English\",\"potentialAction\":[{\"@type\":\"SearchAction\",\"target\":{\"@type\":\"EntryPoint\",\"urlTemplate\":\"https:\/\/www.clarencehouse.cat\/?s={search_term_string}\"},\"query-input\":{\"@type\":\"PropertyValueSpecification\",\"valueRequired\":true,\"valueName\":\"search_term_string\"}}],\"inLanguage\":\"ca\"},{\"@type\":\"Organization\",\"@id\":\"https:\/\/www.clarencehouse.cat\/#organization\",\"name\":\"Clarence House School of English\",\"alternateName\":\"Clarence House\",\"url\":\"https:\/\/www.clarencehouse.cat\/\",\"logo\":{\"@type\":\"ImageObject\",\"inLanguage\":\"ca\",\"@id\":\"https:\/\/www.clarencehouse.cat\/#\/schema\/logo\/image\/\",\"url\":\"https:\/\/www.clarencehouse.cat\/wp-content\/uploads\/2023\/01\/academia-ingles-sabadell-clarencehouse-sitelogo.jpg\",\"contentUrl\":\"https:\/\/www.clarencehouse.cat\/wp-content\/uploads\/2023\/01\/academia-ingles-sabadell-clarencehouse-sitelogo.jpg\",\"width\":483,\"height\":500,\"caption\":\"Clarence House School of English\"},\"image\":{\"@id\":\"https:\/\/www.clarencehouse.cat\/#\/schema\/logo\/image\/\"},\"sameAs\":[\"https:\/\/www.facebook.com\/ClarenceHouseSabadell\/\",\"https:\/\/www.instagram.com\/clarencehousesabadell\/\"]}]}<\/script>\n<!-- \/ Yoast SEO plugin. -->","yoast_head_json":{"title":"Pol\u00edtica de privacitat - Clarence House Sabadell","description":"En Clarence House ens preocupem per la teva privacitat i t'expliquem com exercir els teus drets amb total transpar\u00e8ncia.","robots":{"index":"index","follow":"follow","max-snippet":"max-snippet:-1","max-image-preview":"max-image-preview:large","max-video-preview":"max-video-preview:-1"},"canonical":"https:\/\/www.clarencehouse.cat\/ca\/politica-de-cookies\/","og_locale":"ca_ES","og_type":"article","og_title":"Pol\u00edtica de privacitat - Clarence House Sabadell","og_description":"En Clarence House ens preocupem per la teva privacitat i t'expliquem com exercir els teus drets amb total transpar\u00e8ncia.","og_url":"https:\/\/www.clarencehouse.cat\/ca\/politica-de-cookies\/","og_site_name":"Academia ingles Sabadell","article_publisher":"https:\/\/www.facebook.com\/ClarenceHouseSabadell\/","article_modified_time":"2023-07-03T14:56:52+00:00","og_image":[{"url":"https:\/\/s.w.org\/images\/core\/emoji\/14.0.0\/svg\/1f36a.svg","type":"","width":"","height":""}],"twitter_card":"summary_large_image","twitter_misc":{"Temps estimat de lectura":"5 minuts"},"schema":{"@context":"https:\/\/schema.org","@graph":[{"@type":"WebPage","@id":"https:\/\/www.clarencehouse.cat\/ca\/politica-de-cookies\/","url":"https:\/\/www.clarencehouse.cat\/ca\/politica-de-cookies\/","name":"Pol\u00edtica de privacitat - Clarence House Sabadell","isPartOf":{"@id":"https:\/\/www.clarencehouse.cat\/#website"},"primaryImageOfPage":{"@id":"https:\/\/www.clarencehouse.cat\/ca\/politica-de-cookies\/#primaryimage"},"image":{"@id":"https:\/\/www.clarencehouse.cat\/ca\/politica-de-cookies\/#primaryimage"},"thumbnailUrl":"https:\/\/s.w.org\/images\/core\/emoji\/14.0.0\/svg\/1f36a.svg","datePublished":"2023-02-07T16:57:51+00:00","dateModified":"2023-07-03T14:56:52+00:00","description":"En Clarence House ens preocupem per la teva privacitat i t'expliquem com exercir els teus drets amb total transpar\u00e8ncia.","breadcrumb":{"@id":"https:\/\/www.clarencehouse.cat\/ca\/politica-de-cookies\/#breadcrumb"},"inLanguage":"ca","potentialAction":[{"@type":"ReadAction","target":["https:\/\/www.clarencehouse.cat\/ca\/politica-de-cookies\/"]}]},{"@type":"ImageObject","inLanguage":"ca","@id":"https:\/\/www.clarencehouse.cat\/ca\/politica-de-cookies\/#primaryimage","url":"https:\/\/s.w.org\/images\/core\/emoji\/14.0.0\/svg\/1f36a.svg","contentUrl":"https:\/\/s.w.org\/images\/core\/emoji\/14.0.0\/svg\/1f36a.svg"},{"@type":"BreadcrumbList","@id":"https:\/\/www.clarencehouse.cat\/ca\/politica-de-cookies\/#breadcrumb","itemListElement":[{"@type":"ListItem","position":1,"name":"Portada","item":"https:\/\/www.clarencehouse.cat\/"},{"@type":"ListItem","position":2,"name":"Pol\u00edtica de cookies"}]},{"@type":"WebSite","@id":"https:\/\/www.clarencehouse.cat\/#website","url":"https:\/\/www.clarencehouse.cat\/","name":"Academia ingles Sabadell","description":"Academia de ingl\u00e9s: cursos de ingl\u00e9s, clases de ingl\u00e9s, intensivos de ingl\u00e9s, preparaci\u00f3n ex\u00e1menes de ingl\u00e9s en Sabadell","publisher":{"@id":"https:\/\/www.clarencehouse.cat\/#organization"},"alternateName":"Clarence House School of English","potentialAction":[{"@type":"SearchAction","target":{"@type":"EntryPoint","urlTemplate":"https:\/\/www.clarencehouse.cat\/?s={search_term_string}"},"query-input":{"@type":"PropertyValueSpecification","valueRequired":true,"valueName":"search_term_string"}}],"inLanguage":"ca"},{"@type":"Organization","@id":"https:\/\/www.clarencehouse.cat\/#organization","name":"Clarence House School of English","alternateName":"Clarence House","url":"https:\/\/www.clarencehouse.cat\/","logo":{"@type":"ImageObject","inLanguage":"ca","@id":"https:\/\/www.clarencehouse.cat\/#\/schema\/logo\/image\/","url":"https:\/\/www.clarencehouse.cat\/wp-content\/uploads\/2023\/01\/academia-ingles-sabadell-clarencehouse-sitelogo.jpg","contentUrl":"https:\/\/www.clarencehouse.cat\/wp-content\/uploads\/2023\/01\/academia-ingles-sabadell-clarencehouse-sitelogo.jpg","width":483,"height":500,"caption":"Clarence House School of English"},"image":{"@id":"https:\/\/www.clarencehouse.cat\/#\/schema\/logo\/image\/"},"sameAs":["https:\/\/www.facebook.com\/ClarenceHouseSabadell\/","https:\/\/www.instagram.com\/clarencehousesabadell\/"]}]}},"_links":{"self":[{"href":"https:\/\/www.clarencehouse.cat\/ca\/wp-json\/wp\/v2\/pages\/4990","targetHints":{"allow":["GET"]}}],"collection":[{"href":"https:\/\/www.clarencehouse.cat\/ca\/wp-json\/wp\/v2\/pages"}],"about":[{"href":"https:\/\/www.clarencehouse.cat\/ca\/wp-json\/wp\/v2\/types\/page"}],"author":[{"embeddable":true,"href":"https:\/\/www.clarencehouse.cat\/ca\/wp-json\/wp\/v2\/users\/1"}],"replies":[{"embeddable":true,"href":"https:\/\/www.clarencehouse.cat\/ca\/wp-json\/wp\/v2\/comments?post=4990"}],"version-history":[{"count":10,"href":"https:\/\/www.clarencehouse.cat\/ca\/wp-json\/wp\/v2\/pages\/4990\/revisions"}],"predecessor-version":[{"id":8024,"href":"https:\/\/www.clarencehouse.cat\/ca\/wp-json\/wp\/v2\/pages\/4990\/revisions\/8024"}],"wp:attachment":[{"href":"https:\/\/www.clarencehouse.cat\/ca\/wp-json\/wp\/v2\/media?parent=4990"}],"curies":[{"name":"wp","href":"https:\/\/api.w.org\/{rel}","templated":true}]}}